{"id":104,"date":"2019-07-07T02:50:10","date_gmt":"2019-07-06T23:50:10","guid":{"rendered":"https:\/\/www.biraydalkiran.com\/dfgs\/?page_id=104"},"modified":"2019-07-10T05:12:40","modified_gmt":"2019-07-10T02:12:40","slug":"dagitim","status":"publish","type":"page","link":"https:\/\/www.biraydalkiran.com\/dfgs\/dagitim\/","title":{"rendered":"Da\u011f\u0131t\u0131m"},"content":{"rendered":"<section class=\"wpb-content-wrapper\"><p>[vc_row][vc_column][vc_basic_grid post_type=&#8221;cpt_portfolio&#8221; max_items=&#8221;12&#8243; item=&#8221;184&#8243; grid_id=&#8221;vc_gid:1562724749495-a9a8ca0f-a167-0&#8243; taxonomies=&#8221;10&#8243;][\/vc_column][\/vc_row]<\/p>\n<\/section>","protected":false},"excerpt":{"rendered":"<p>[vc_row][vc_column][vc_basic_grid post_type=&#8221;cpt_portfolio&#8221; max_items=&#8221;12&#8243; item=&#8221;184&#8243; grid_id=&#8221;vc_gid:1562724749495-a9a8ca0f-a167-0&#8243; taxonomies=&#8221;10&#8243;][\/vc_column][\/vc_row]<\/p>\n","protected":false},"author":1,"featured_media":0,"parent":0,"menu_order":0,"comment_status":"closed","ping_status":"closed","template":"template-fullwidth.php","meta":[],"_links":{"self":[{"href":"https:\/\/www.biraydalkiran.com\/dfgs\/wp-json\/wp\/v2\/pages\/104"}],"collection":[{"href":"https:\/\/www.biraydalkiran.com\/dfgs\/wp-json\/wp\/v2\/pages"}],"about":[{"href":"https:\/\/www.biraydalkiran.com\/dfgs\/wp-json\/wp\/v2\/types\/page"}],"author":[{"embeddable":true,"href":"https:\/\/www.biraydalkiran.com\/dfgs\/wp-json\/wp\/v2\/users\/1"}],"replies":[{"embeddable":true,"href":"https:\/\/www.biraydalkiran.com\/dfgs\/wp-json\/wp\/v2\/comments?post=104"}],"version-history":[{"count":0,"href":"https:\/\/www.biraydalkiran.com\/dfgs\/wp-json\/wp\/v2\/pages\/104\/revisions"}],"wp:attachment":[{"href":"https:\/\/www.biraydalkiran.com\/dfgs\/wp-json\/wp\/v2\/media?parent=104"}],"curies":[{"name":"wp","href":"https:\/\/api.w.org\/{rel}","templated":true}]}}